{"id":199,"date":"2021-01-07T16:19:22","date_gmt":"2021-01-07T15:19:22","guid":{"rendered":"https:\/\/bloomsocialanalytics.com\/?page_id=199"},"modified":"2021-03-16T14:35:56","modified_gmt":"2021-03-16T13:35:56","slug":"cookies","status":"publish","type":"page","link":"https:\/\/bloomsocialanalytics.com\/fr\/cookies\/","title":{"rendered":"POLITIQUE RELATIVE AUX COOKIES"},"content":{"rendered":"<section class=\"contact legal_mention cookies\">\n<table class=\"table table-bordered table-responsive\">\n<thead>\n<tr>\n<th scope=\"col\">Type de Cookies<\/th>\n<th scope=\"col\">Nom<\/th>\n<th scope=\"col\">Finalit\u00e9<\/th>\n<th scope=\"col\">Dur\u00e9e de conservation<\/th>\n<\/tr>\n<\/thead>\n<tbody>\n<tr>\n<th scope=\"row\">Cookies de session<\/th>\n<td>PHPSESSID<\/td>\n<td>Choix de la langue du site<\/td>\n<td>Suppression lors de la fermeture du navigateur web<\/td>\n<\/tr>\n<tr>\n<th scope=\"row\">Cookies de session<\/th>\n<td>device_view<\/td>\n<td>Type de support duquel a lieu la consultation du site pour adapter l&rsquo;affichage<\/td>\n<td>1 mois<\/td>\n<\/tr>\n<tr>\n<th scope=\"row\">Cookies de mesures d\u2019audience \/ Google Analytics<\/th>\n<td>_ga<\/td>\n<td>Etablissement de statistiques<\/td>\n<td>6 mois<\/td>\n<\/tr>\n<tr>\n<th scope=\"row\">Cookies de mesures d\u2019audience \/ Google Analytics<\/th>\n<td>_gid<\/td>\n<td>Etablissement de statistiques<\/td>\n<td>24 heures<\/td>\n<\/tr>\n<tr>\n<th scope=\"row\">Cookies de mesures d\u2019audience \/ Google Analytics<\/th>\n<td>_gat<\/td>\n<td>Etablissement de statistiques<\/td>\n<td>1 minute<\/td>\n<\/tr>\n<tr>\n<th scope=\"row\">Cookies de recueil de consentement<\/th>\n<td>hasConsent<\/td>\n<td>Sauvegarde du choix de l&rsquo;utilisateur pour l&rsquo;utilisation des cookies<\/td>\n<td>6 mois<\/td>\n<\/tr>\n<\/tbody>\n<\/table>\n<h3>1. Qu&rsquo;est-ce qu&rsquo;un cookie ?<\/h3>\n<p>Un cookie est une information d\u00e9pos\u00e9e sur votre terminal par le serveur du site que vous visitez. \u00a0Il contient plusieurs donn\u00e9es \u00a0: \u00a0le nom du serveur qui l&rsquo;a d\u00e9pos\u00e9e; \u00a0un identifiant sous la forme de num\u00e9ro unique, \u00a0\u00e9ventuellement une date d&rsquo;expiration.<\/p>\n<p>Ces informations sont parfois stock\u00e9es sur votre ordinateur dans un simple fichier texte auquel un serveur acc\u00e8de pour lire et enregistrer des informations.<\/p>\n<p>&nbsp;<\/p>\n<h3>2. Quel est le r\u00f4le des cookies ?<\/h3>\n<p>Les cookies jouent un r\u00f4le essentiel dans le mode de fonctionnement du site\u00a0<a href=\"https:\/\/bloomsocialanalytics.com\/FR\">https:\/\/bloomsocialanalytics.com<\/a>\u00a0. \u00a0Ils ont pour principal objectif d&rsquo;am\u00e9liorer votre exp\u00e9rience sur le site.<\/p>\n<p>Certains cookies permettent de m\u00e9moriser vos pr\u00e9f\u00e9rences et certaines informations relatives \u00e0 votre navigation de sur notre Site (pages consult\u00e9es&#8230;).<\/p>\n<p>Les cookies \u00e9mis par notre soci\u00e9t\u00e9 sont notamment utilis\u00e9s afin d\u2019am\u00e9liorer la pr\u00e9sentation du site et des informations relatives aux services propos\u00e9s (visant ainsi \u00e0 rendre ces informations plus pertinentes en fonction des pr\u00e9f\u00e9rences \u00e9mises par l\u2019internaute).<\/p>\n<p>Les cookies permettent aussi de mieux adapter et personnaliser les offres qui vous sont propos\u00e9es. \u00a0 Nous utilisons plusieurs types de cookies \u00a0:<\/p>\n<ul>\n<li>Les cookies strictement n\u00e9cessaires \u00e0 la navigation du site<\/li>\n<li>Les cookies qui permettent de m\u00e9moriser les \u00e9l\u00e9ments qui s\u2019ouvrent sur le site sous forme de fen\u00eatres (ou autre) et que vous avez d\u00e9j\u00e0 visionn\u00e9s lors d\u2019une pr\u00e9c\u00e9dente visite.<\/li>\n<li>Les cookies qui permettent d\u2019adapter la pr\u00e9sentation du site aux pr\u00e9f\u00e9rences d\u2019affichage du terminal<\/li>\n<li>Les cookies qui permettent d\u2019\u00e9tablir des statistiques de fr\u00e9quentation.<\/li>\n<li>Les cookies qui permettent d\u2019\u00e9valuer l\u2019utilisation g\u00e9n\u00e9rale du site internet par les internautes.<\/li>\n<li>Les cookies de r\u00e9seaux sociaux.<\/li>\n<\/ul>\n<p>C&rsquo;est gr\u00e2ce \u00e0 eux \u00e9galement que nous pouvons vous proposer nos services et comprendre au mieux vos demandes.<\/p>\n<p>Dans tous les cas, \u00a0nous nous assurons que la dur\u00e9e de validit\u00e9 des cookies n\u2019exc\u00e8de pas six mois.<\/p>\n<p>&nbsp;<\/p>\n<h3>3. Comment param\u00e9trer votre ordinateur pour accepter ou refuser les cookies ?<\/h3>\n<p>\u00c0 tout moment, \u00a0vous pouvez d\u00e9cider de configurer votre ordinateur afin d\u2019accepter ou refuser les cookies.<br \/>\nSachez cependant que cela pourra affecter votre confort de navigation et vous emp\u00eacher d\u2019acc\u00e9der \u00e0 certains services.<\/p>\n<p>Vous avez la possibilit\u00e9 \u00a0:<\/p>\n<ul>\n<li>Soit d\u2019enregistrer syst\u00e9matiquement tous les cookies \u00e9mis sur le site internet visit\u00e9 ; \u00a0ce param\u00e9trage est en principe celui qui est actif par d\u00e9faut sur votre ordinateur.<\/li>\n<li>Soit de refuser syst\u00e9matiquement tous les cookies \u00e9mis sur le site internet visit\u00e9.<br \/>\nSi vous refusez des cookies \u00e9mis par notre soci\u00e9t\u00e9 ou supprimez des cookies d\u00e9j\u00e0 enregistr\u00e9s par notre soci\u00e9t\u00e9, \u00a0vous pourriez ne pas pouvoir b\u00e9n\u00e9ficier de certains contenus et services sur notre site (notamment les cookies permettant l\u2019utilisation de certaines fonctionnalit\u00e9s du site https:\/\/bloomsocialanalytics.com\/).<br \/>\nLe cas \u00e9ch\u00e9ant, \u00a0nous d\u00e9clinons toute responsabilit\u00e9 pour les cons\u00e9quences li\u00e9es au fonctionnement d\u00e9grad\u00e9 de nos services, \u00a0en raison de l\u2019impossibilit\u00e9 pour nos services d\u2019enregistrer ou de consulter les cookies que vous auriez d\u00e9cid\u00e9 de supprimer ou de refuser<\/li>\n<li>Soit de configurer votre logiciel de navigation de mani\u00e8re \u00e0 ce qu\u2019il vous permette d\u2019accepter ou au contraire de refuser les diff\u00e9rents cookies qui peuvent vous \u00eatre propos\u00e9s r\u00e9guli\u00e8rement.<br \/>\nSelon ce que vous souhaitez et selon le navigateur que vous utilisez, vous devez vous rendre sur la page pr\u00e9vue \u00e0 cet effet afin de param\u00e9trer votre ordinateur, \u00e0 savoir \u00a0:<br \/>\nPour Google Chrome : https:\/\/support.google.com\/chrome\/answer\/95647?hl=fr<br \/>\nPour Safari :\u00a0<a href=\"https:\/\/www.apple.com\/legal\/privacy\/fr-ww\/cookies\/\" target=\"_blank\" rel=\"noopener\">https:\/\/www.apple.com\/legal\/privacy\/fr-ww\/cookies\/<\/a><br \/>\nPour Mozilla Firefox :\u00a0<a href=\"https:\/\/support.mozilla.org\/fr\/kb\/activer-desactiver-cookies\" target=\"_blank\" rel=\"noopener\">https:\/\/support.mozilla.org\/fr\/kb\/activer-desactiver-cookies<\/a><br \/>\nPour Edge :\u00a0<a href=\"https:\/\/support.microsoft.com\/fr-fr\/help\/4468242\/microsoft-edge-browsing-data-andprivacy-microsoft-privacy\" target=\"_blank\" rel=\"noopener\">https:\/\/support.microsoft.com\/fr-fr\/help\/4468242\/microsoft-edge-browsing-data-andprivacy-microsoft-privacy<\/a><br \/>\nPour Op\u00e9ra :\u00a0<a href=\"https:\/\/help.opera.com\/en\/?s=cookies&amp;product=latest\" target=\"_blank\" rel=\"noopener\">https:\/\/help.opera.com\/en\/?s=cookies&amp;product=latest<\/a><\/li>\n<\/ul>\n<p>Vous pouvez retirer votre consentement \u00e0 tout moment en s\u00e9lectionnant l\u2019onglet \u2018\u2019cookies\u2019\u2019 situ\u00e9 au bas de chaque page de notre site.<\/p>\n<\/section>\n<footer>\n<div class=\"row\">\n<div class=\"col-12\"><\/div>\n<\/div>\n<\/footer>\n","protected":false},"excerpt":{"rendered":"<p>Type de Cookies Nom Finalit\u00e9 Dur\u00e9e de conservation Cookies de session PHPSESSID Choix de la langue du site Suppression lors de la fermeture du navigateur web Cookies de session device_view Type de support duquel a lieu la consultation du site pour adapter l&rsquo;affichage 1 mois Cookies de mesures d\u2019audience \/ Google Analytics _ga Etablissement de [&hellip;]<\/p>\n","protected":false},"author":7,"featured_media":0,"parent":0,"menu_order":20,"comment_status":"closed","ping_status":"closed","template":"page-templates\/page-full-width.php","meta":[],"acf":[],"_links":{"self":[{"href":"https:\/\/bloomsocialanalytics.com\/fr\/wp-json\/wp\/v2\/pages\/199"}],"collection":[{"href":"https:\/\/bloomsocialanalytics.com\/fr\/wp-json\/wp\/v2\/pages"}],"about":[{"href":"https:\/\/bloomsocialanalytics.com\/fr\/wp-json\/wp\/v2\/types\/page"}],"author":[{"embeddable":true,"href":"https:\/\/bloomsocialanalytics.com\/fr\/wp-json\/wp\/v2\/users\/7"}],"replies":[{"embeddable":true,"href":"https:\/\/bloomsocialanalytics.com\/fr\/wp-json\/wp\/v2\/comments?post=199"}],"version-history":[{"count":0,"href":"https:\/\/bloomsocialanalytics.com\/fr\/wp-json\/wp\/v2\/pages\/199\/revisions"}],"wp:attachment":[{"href":"https:\/\/bloomsocialanalytics.com\/fr\/wp-json\/wp\/v2\/media?parent=199"}],"curies":[{"name":"wp","href":"https:\/\/api.w.org\/{rel}","templated":true}]}}