{"id":196,"date":"2021-01-07T16:19:09","date_gmt":"2021-01-07T15:19:09","guid":{"rendered":"https:\/\/bloomsocialanalytics.com\/?page_id=196"},"modified":"2022-03-18T08:24:08","modified_gmt":"2022-03-18T07:24:08","slug":"donnees-personnelles-confidentialite","status":"publish","type":"page","link":"https:\/\/bloomsocialanalytics.com\/fr\/donnees-personnelles-confidentialite\/","title":{"rendered":"Donn\u00e9es Personnelles &#038; confidentialit\u00e9"},"content":{"rendered":"<p>La pr\u00e9sente d\u00e9claration de confidentialit\u00e9 (\u00ab\u00a0D\u00e9claration de confidentialit\u00e9\u00a0\u00bb) s&rsquo;applique au traitement des informations personnellement identifiables soumises ou obtenues sur Facebook par le biais de l&rsquo;application associ\u00e9e (l\u2019\u00a0\u00bbApplication\u00a0\u00bb). L&rsquo;Application est fournie par BLOOM (et peut \u00eatre fournie par BLOOM au nom d&rsquo;un conc\u00e9dant de licence de BLOOM ou de l&rsquo;un de ses partenaires (\u00ab\u00a0Partenaire de l&rsquo;Application\u00a0\u00bb).<\/p>\n<h3>1. QUELLES SONT LES DONNEES PERSONNELLES RECUEILLIES PAR BLOOM ?<\/h3>\n<ul>\n<li>Donn\u00e9es non personnelles, dont le traitement n&rsquo;est pas soumis aux lois sur la protection des donn\u00e9es ;<\/li>\n<li>Donn\u00e9es personnelles que vous nous fournissez :\n<ul>\n<li>Nous pouvons recevoir et stocker toute donn\u00e9e personnelles que vous communiquez \u00e0 l&rsquo;Application (ou que vous nous autorisez \u00e0 obtenir d&rsquo;une autre mani\u00e8re &#8211; \u00e0 partir, par exemple, de votre compte Facebook). Les types de donn\u00e9es personnelles collect\u00e9es peuvent inclure votre nom complet, votre adresse e-mail, votre sexe, des informations d\u00e9mographiques et toute autre information n\u00e9cessaire pour nous permettre de fournir les services de l&rsquo;Application.<\/li>\n<li>Informations personnelles collect\u00e9es automatiquement : Nous ne recevons ni ne stockons automatiquement aucune donn\u00e9e li\u00e9e \u00e0 l&rsquo;utilisation de l\u2019Application chaque fois que vous interagissez avec elle.<\/li>\n<\/ul>\n<\/li>\n<\/ul>\n<p>Veuillez noter que certaines donn\u00e9es sont publiques (par exemple, les commentaires publics sous un message public).<\/p>\n<p>&nbsp;<\/p>\n<h3>2. COMMENT BLOOM UTILISE-T-IL LES DONNEES QU&rsquo;IL COLLECTE ?<\/h3>\n<p>BLOOM agit en tant que sous-traitant (article 28 du RGPD) et sur instructions donn\u00e9es par un responsable de traitement.<\/p>\n<p>BLOOM utilise les donn\u00e9es d\u00e9crites dans la pr\u00e9sente D\u00e9claration de confidentialit\u00e9 (i) en interne, pour analyser, d\u00e9velopper et am\u00e9liorer ses produits et services, et (ii) comme indiqu\u00e9 ci-dessous dans la section \u00a0\u00bb BLOOM partagera-t-elle les informations personnelles qu&rsquo;elle collecte ? \u00ab\u00a0.<\/p>\n<p>BLOOM utilise les renseignements aux fins suivantes :<\/p>\n<ul>\n<li>Analyse de l&rsquo;impact des produits\/th\u00e8mes\/personnalit\u00e9s sur les r\u00e9seaux sociaux, et identifier les communaut\u00e9s autour de ces th\u00e8mes\/produits\/personnalit\u00e9s ;<\/li>\n<li>R\u00e9daction de rapports d&rsquo;analyse sur une personnalit\u00e9, une marque, un produit, un th\u00e8me, etc. pour le client pour lequel BLOOM agit en tant que sous-traitant.<\/li>\n<\/ul>\n<p>&nbsp;<\/p>\n<h3>3. SUR QUELLE BASE JURIDIQUE BLOOM TRAITE-T-IL LES DONN\u00c9ES ?<\/h3>\n<p>Le traitement des donn\u00e9es est n\u00e9cessaire aux fins des int\u00e9r\u00eats l\u00e9gitimes poursuivis par BLOOM.\u00a0 Cet int\u00e9r\u00eat l\u00e9gitime consiste en l&rsquo;\u00e9laboration d&rsquo;analyses de l&rsquo;impact des produits\/th\u00e8mes\/personnalit\u00e9s sur les r\u00e9seaux sociaux &#8211; identifier les communaut\u00e9s autour de ceux-ci &#8211; r\u00e9daction d&rsquo;analyses.<\/p>\n<p>&nbsp;<\/p>\n<h3>4. TRAITEMENT DES INFORMATIONS PERSONNELLES PAR LE PARTENAIRE DE L&rsquo;APPLICATION.<\/h3>\n<p>BLOOM ne fournira aucune information personnelle aux Partenaires de l\u2019Application.<\/p>\n<p>&nbsp;<\/p>\n<h3>5. BLOOM PARTAGERA-T-IL LES INFORMATIONS PERSONNELLES QU&rsquo;IL RE\u00c7OIT ?<\/h3>\n<p>Les donn\u00e9es personnelles de nos utilisateurs font partie int\u00e9grante de nos activit\u00e9s.\u00a0 Nous ne louons ni ne vendons les informations personnelles \u00e0 quiconque.\u00a0 Nous ne partageons vos informations personnelles que de la mani\u00e8re d\u00e9crite ci-dessous.<\/p>\n<p>Protection de BLOOM et des tiers : Nous pouvons divulguer des donn\u00e9es personnelles lorsque nous croyons de bonne foi que cette divulgation est n\u00e9cessaire pour nous conformer \u00e0 la loi ; pour faire respecter ou appliquer nos conditions d&rsquo;utilisation et autres accords ; ou pour prot\u00e9ger les droits, la propri\u00e9t\u00e9 ou la s\u00e9curit\u00e9 de BLOOM, de ses employ\u00e9s, de ses utilisateurs ou de tiers.\u00a0 Cela inclut l&rsquo;\u00e9change d&rsquo;informations avec d&rsquo;autres soci\u00e9t\u00e9s et organisations pour la protection contre la fraude et la r\u00e9duction du risque de cr\u00e9dit.\u00a0 Comme BLOOM agit en tant que sous-traitant, les donn\u00e9es peuvent \u00eatre transf\u00e9r\u00e9es au r\u00e9gulateur en charge de la protection des donn\u00e9es.<\/p>\n<p>Avec votre consentement : \u00c0 l&rsquo;exception de ce qui est indiqu\u00e9 ci-dessus, vous serez inform\u00e9 lorsque vos informations personnelles pourront \u00eatre partag\u00e9es avec des tiers, et vous pourrez emp\u00eacher le partage de ces informations.<\/p>\n<p>&nbsp;<\/p>\n<h3>6. CONDITIONS D&rsquo;UTILISATION<\/h3>\n<p>Si vous d\u00e9cidez d&rsquo;utiliser ou d&rsquo;acc\u00e9der d&rsquo;une autre mani\u00e8re \u00e0 l&rsquo;Application, votre utilisation\/acc\u00e8s et tout litige \u00e9ventuel concernant la confidentialit\u00e9 sont soumis \u00e0 la pr\u00e9sente d\u00e9claration de confidentialit\u00e9 des donn\u00e9es et \u00e0 nos conditions d&rsquo;utilisation, y compris s\u2019agissant de la limitation des dommages, l&rsquo;arbitrage des litiges et l&rsquo;application de la loi fran\u00e7aise.<\/p>\n<p>&nbsp;<\/p>\n<h3>7. QUELLES SONT LES DONNEES PERSONNELLES AUXQUELLES JE PEUX ACC\u00c9DER ?<\/h3>\n<p>BLOOM vous permet d&rsquo;acc\u00e9der aux donn\u00e9es suivantes vous concernant dans le but de consulter et, dans certaines situations, de mettre \u00e0 jour ces informations.\u00a0 Cette liste peut changer en cas de modification de l&rsquo;Application.<\/p>\n<ul>\n<li>Informations sur le compte et les pr\u00e9f\u00e9rences, le cas \u00e9ch\u00e9ant,<\/li>\n<li>Donn\u00e9es sp\u00e9cifiques \u00e0 l&rsquo;application<\/li>\n<\/ul>\n<p>&nbsp;<\/p>\n<h3>8. LES ENFANTS PEUVENT-ILS UTILISER L&rsquo;APPLICATION ?<\/h3>\n<p>Notre site et les services disponibles par le biais de BLOOM ne sont pas destin\u00e9s aux enfants de moins de 13 ans. BLOOM ne collecte pas sciemment ou sp\u00e9cifiquement des informations sur les enfants de moins de 13 ans et estime que les enfants de tout \u00e2ge devraient obtenir le consentement de leurs parents avant de communiquer des donn\u00e9es personnelles.\u00a0 Nous vous encourageons \u00e0 participer \u00e0 l&rsquo;exp\u00e9rience web de votre enfant.<\/p>\n<p>&nbsp;<\/p>\n<h3>9. CONSERVATION DES DONN\u00c9ES COLLECT\u00c9ES<\/h3>\n<p>Les donn\u00e9es sont conserv\u00e9es jusqu&rsquo;\u00e0 six mois apr\u00e8s le retour de l&rsquo;\u00e9tude au client dans le cas d&rsquo;une prestation ponctuelle ou pendant toute la dur\u00e9e de la relation client dans le cas d&rsquo;une prestation de mise \u00e0 jour des analyses.<\/p>\n<p>&nbsp;<\/p>\n<h3>10. DROITS ET EXERCICE DES DROITS<\/h3>\n<p>En tant que personne concern\u00e9e par le traitement de vos donn\u00e9es personnelles, vous disposez de plusieurs droits.\u00a0 Toutefois, ces droits ne sont pas absolus et sont soumis \u00e0 certaines conditions conform\u00e9ment au RGPD et aux lois nationales applicables.\u00a0 Veuillez noter qu&rsquo;en tant qu&rsquo;au processeur, BLOOM doit envoyer la demande au responsable du traitement.<\/p>\n<ul>\n<li>Le droit d&rsquo;acc\u00e8s : Vous avez le droit d&rsquo;obtenir de notre part la confirmation que vos donn\u00e9es personnelles sont trait\u00e9es par nous, ainsi que certaines autres informations sur la mani\u00e8re dont elles sont utilis\u00e9es. Vous avez \u00e9galement le droit d&rsquo;acc\u00e9der \u00e0 vos donn\u00e9es personnelles en demandant une copie de vos donn\u00e9es personnelles.<\/li>\n<li>Le droit de rectification : Vous pouvez nous demander de corriger vos donn\u00e9es personnelles si elles sont inexactes ou incompl\u00e8tes (par exemple, si nous avons un nom ou une adresse erron\u00e9s).<\/li>\n<li>Le droit \u00e0 l&rsquo;effacement (\u00a0\u00bb droit \u00e0 l&rsquo;oubli \u00ab\u00a0) : Vous pouvez demander l&rsquo;effacement ou la suppression de vos donn\u00e9es personnelles (par exemple, s&rsquo;il n&rsquo;y a pas de raison imp\u00e9rieuse pour que nous continuions \u00e0 les utiliser ou si leur utilisation est ill\u00e9gale).<\/li>\n<li>Le droit de limiter le traitement : Vous avez le droit de limiter ou d&#8217;emp\u00eacher l&rsquo;utilisation ult\u00e9rieure de vos donn\u00e9es personnelles. La limitation du traitement n&#8217;emp\u00eache pas la conservation de vos donn\u00e9es personnelles, mais nous ne pourrons pas les utiliser au-del\u00e0 des limites que vous souhaitez.<\/li>\n<li>Le droit \u00e0 la portabilit\u00e9 des donn\u00e9es : Vous avez le droit de r\u00e9cup\u00e9rer et de r\u00e9utiliser certaines donn\u00e9es personnelles. Ce droit ne s&rsquo;applique qu&rsquo;aux donn\u00e9es personnelles que vous nous avez fournies, que nous traitons avec votre consentement et aux fins de l&rsquo;ex\u00e9cution du contrat et qui sont trait\u00e9es par des moyens automatis\u00e9s. Le cas \u00e9ch\u00e9ant, nous vous fournirons une copie de vos donn\u00e9es dans un format structur\u00e9, couramment utilis\u00e9 et lisible par machine (lorsque cela est techniquement possible). Nous pouvons \u00e9galement transmettre vos donn\u00e9es directement au responsable du traitement.<\/li>\n<li>Le droit d&rsquo;opposition : Vous avez le droit de vous opposer \u00e0 certains types de traitement, pour des raisons li\u00e9es \u00e0 votre situation particuli\u00e8re, \u00e0 tout moment, dans la mesure o\u00f9 ce traitement a eu lieu aux fins des int\u00e9r\u00eats l\u00e9gitimes poursuivis. Nous serons autoris\u00e9s \u00e0 poursuivre le traitement de vos donn\u00e9es personnelles si nous pouvons d\u00e9montrer que le traitement est justifi\u00e9 par les libert\u00e9s ou si nous en avons besoin pour la mise en place, l&rsquo;exercice ou la d\u00e9fense d&rsquo;une proc\u00e9dure judiciaire.<\/li>\n<li>Le droit de retirer votre consentement : Lorsque nous traitons vos donn\u00e9es personnelles sur la base de votre consentement, vous avez le droit de retirer votre consentement \u00e0 tout moment. Vous pouvez retirer votre consentement en nous contactant \u00e0 l&rsquo;adresse\u00a0: \u00a0\u00a0<a href=\"mailto:dataprotection.contact@bloomsocialanalytics.com\">contact@bloomsocialanalytics.com<\/a><\/li>\n<li>La personne concern\u00e9e est inform\u00e9e que le retrait n&rsquo;affecte pas la lic\u00e9it\u00e9 du traitement qui a eu lieu avant le retrait.<\/li>\n<li>Le droit de nous fournir des instructions sur l&rsquo;utilisation de vos donn\u00e9es personnelles apr\u00e8s votre d\u00e9c\u00e8s : Vous avez le droit de nous fournir des instructions sur la gestion (par exemple, la conservation, l&rsquo;effacement et la divulgation) de vos donn\u00e9es apr\u00e8s votre d\u00e9c\u00e8s. Vous pouvez modifier ou r\u00e9voquer vos instructions \u00e0 tout moment. Si vous souhaitez exercer l&rsquo;un de ces droits, vous pouvez contacter notre DPD \u00e0 l&rsquo;adresse\u00a0: contact@bloomsocialanalytics.com.<\/li>\n<\/ul>\n<p>Droit de d\u00e9poser une plainte aupr\u00e8s de la CNIL : Si vous n&rsquo;\u00eates pas satisfait de notre r\u00e9ponse \u00e0 votre plainte ou si vous pensez que le traitement de vos donn\u00e9es personnelles n&rsquo;est pas conforme \u00e0 la r\u00e9glementation applicable en mati\u00e8re de protection des donn\u00e9es, vous pouvez d\u00e9poser une plainte aupr\u00e8s de l&rsquo;autorit\u00e9 de contr\u00f4le de la protection des donn\u00e9es comp\u00e9tente.\u00a0 La Commission Informatique et Libert\u00e9s (CNIL) est l&rsquo;autorit\u00e9 de protection des donn\u00e9es en France.<\/p>\n<p>&nbsp;<\/p>\n<h3>11. MODIFICATIONS DE LA PR\u00c9SENTE D\u00c9CLARATION DE CONFIDENTIALIT\u00c9<\/h3>\n<p>BLOOM peut modifier la pr\u00e9sente d\u00e9claration de confidentialit\u00e9 de temps \u00e0 autre.\u00a0 L&rsquo;utilisation des renseignements que nous recueillons maintenant est assujettie \u00e0 la D\u00e9claration de confidentialit\u00e9 en vigueur au moment o\u00f9 ces renseignements sont utilis\u00e9s.\u00a0 Si nous apportons des modifications \u00e0 la fa\u00e7on dont nous utilisons les renseignements personnels, nous vous en informerons en publiant une annonce sur notre site ou en vous envoyant un courriel.\u00a0 Les utilisateurs sont li\u00e9s par toute modification de la D\u00e9claration de confidentialit\u00e9 lorsqu&rsquo;ils utilisent ou acc\u00e8dent \u00e0 l&rsquo;Application apr\u00e8s que ces modifications ont \u00e9t\u00e9 publi\u00e9es pour la premi\u00e8re fois.<\/p>\n<p>&nbsp;<\/p>\n<h3>12. QUESTIONS OU PR\u00c9OCCUPATIONS<\/h3>\n<p>Si vous avez des questions ou des pr\u00e9occupations concernant la confidentialit\u00e9, veuillez nous envoyer un message d\u00e9taill\u00e9 \u00e0\u00a0:<br \/>\n<a href=\"mailto:dataprotection.contact@bloomsocialanalytics.com\">dataprotection.contact@bloomsocialanalytics.com<\/a><\/p>\n<p>Nous ferons tout notre possible pour r\u00e9soudre vos pr\u00e9occupations.<\/p>\n<p>Le d\u00e9l\u00e9gu\u00e9 \u00e0 la protection des donn\u00e9es (DPD) de BLOOM peut \u00eatre joint \u00e0 l&rsquo;adresse \u00e9lectronique suivante\u00a0:<br \/>\n<a href=\"mailto:dataprotection.contact@bloomsocialanalytics.com\">dataprotection.contact@bloomsocialanalytics.com<\/a><\/p>\n<p>Effective Date : 2020<\/p>\n","protected":false},"excerpt":{"rendered":"<p>La pr\u00e9sente d\u00e9claration de confidentialit\u00e9 (\u00ab\u00a0D\u00e9claration de confidentialit\u00e9\u00a0\u00bb) s&rsquo;applique au traitement des informations personnellement identifiables soumises ou obtenues sur Facebook par le biais de l&rsquo;application associ\u00e9e (l\u2019\u00a0\u00bbApplication\u00a0\u00bb). L&rsquo;Application est fournie par BLOOM (et peut \u00eatre fournie par BLOOM au nom d&rsquo;un conc\u00e9dant de licence de BLOOM ou de l&rsquo;un de ses partenaires (\u00ab\u00a0Partenaire de l&rsquo;Application\u00a0\u00bb). [&hellip;]<\/p>\n","protected":false},"author":7,"featured_media":0,"parent":0,"menu_order":21,"comment_status":"closed","ping_status":"closed","template":"page-templates\/page-full-width.php","meta":[],"acf":[],"_links":{"self":[{"href":"https:\/\/bloomsocialanalytics.com\/fr\/wp-json\/wp\/v2\/pages\/196"}],"collection":[{"href":"https:\/\/bloomsocialanalytics.com\/fr\/wp-json\/wp\/v2\/pages"}],"about":[{"href":"https:\/\/bloomsocialanalytics.com\/fr\/wp-json\/wp\/v2\/types\/page"}],"author":[{"embeddable":true,"href":"https:\/\/bloomsocialanalytics.com\/fr\/wp-json\/wp\/v2\/users\/7"}],"replies":[{"embeddable":true,"href":"https:\/\/bloomsocialanalytics.com\/fr\/wp-json\/wp\/v2\/comments?post=196"}],"version-history":[{"count":0,"href":"https:\/\/bloomsocialanalytics.com\/fr\/wp-json\/wp\/v2\/pages\/196\/revisions"}],"wp:attachment":[{"href":"https:\/\/bloomsocialanalytics.com\/fr\/wp-json\/wp\/v2\/media?parent=196"}],"curies":[{"name":"wp","href":"https:\/\/api.w.org\/{rel}","templated":true}]}}